{"id":11855,"date":"2021-02-18T19:28:17","date_gmt":"2021-02-18T18:28:17","guid":{"rendered":"https:\/\/futurtheme.maitreart.com\/?page_id=11855"},"modified":"2023-09-29T11:02:33","modified_gmt":"2023-09-29T09:02:33","slug":"news","status":"publish","type":"page","link":"https:\/\/www.steamsrl.com\/en\/news\/","title":{"rendered":"News"},"content":{"rendered":"<div class=\"wp-block-thefuturblocks-latest-posts has-grid-columns-1@large has-grid-columns-1@medium has-grid-columns-1@small\"><article class=\"wp-block-thefuturblocks-latest-posts__article post-16672 post type-post status-publish format-standard has-post-thumbnail hentry category-news\"><div class=\"wp-block-thefuturblocks-latest-posts__inner inner-creative-post\"><div class=\"wp-block-thefuturblocks-latest-posts__thumbnail\"><a href=\"https:\/\/www.steamsrl.com\/en\/ish2025\/\"><div class=\"wp-block-thefuturblocks-latest-posts__image\"><img decoding=\"async\" width=\"803\" height=\"461\" src=\"https:\/\/www.steamsrl.com\/wp-content\/uploads\/2024\/11\/ISH2025-Steam-Srl.png\" class=\"attachment-post-thumbnail size-post-thumbnail wp-post-image\" alt=\"ISH2025 - Steam Srl\" srcset=\"https:\/\/www.steamsrl.com\/wp-content\/uploads\/2024\/11\/ISH2025-Steam-Srl.png 803w, https:\/\/www.steamsrl.com\/wp-content\/uploads\/2024\/11\/ISH2025-Steam-Srl-300x172.png 300w, https:\/\/www.steamsrl.com\/wp-content\/uploads\/2024\/11\/ISH2025-Steam-Srl-768x441.png 768w, https:\/\/www.steamsrl.com\/wp-content\/uploads\/2024\/11\/ISH2025-Steam-Srl-18x10.png 18w\" sizes=\"(max-width: 863px) calc(100vw - 1.25rem*2 - 0.625rem*2), 803px\" \/><\/div><\/a><div class=\"wp-block-thefuturblocks-latest-posts__meta\"><a href=\"https:\/\/www.steamsrl.com\/en\/2024\/11\/\" class=\"wp-block-thefuturblocks-latest-posts__meta-date\"><span class=\"wp-block-thefuturblocks-latest-posts__meta-date--day\">13<\/span><span class=\"wp-block-thefuturblocks-latest-posts__meta-date--month\">Nov<\/span><\/a><\/div><\/div><div class=\"wp-block-thefuturblocks-latest-posts__content-wrapper\"><div class=\"wp-block-thefuturblocks-latest-posts__header\"><div class=\"wp-block-thefuturblocks-latest-posts__meta-cats\"><a href=\"https:\/\/www.steamsrl.com\/en\/category\/news\/\" class=\"wp-block-thefuturblocks-latest-posts__cat\"><span>News<\/span><\/a><\/div><h3><a href=\"https:\/\/www.steamsrl.com\/en\/ish2025\/\" class=\"wp-block-thefuturblocks-latest-posts__title\"><span>ISH2025<\/span><\/a><\/h3><\/div><div class=\"wp-block-thefuturblocks-latest-posts__excerpt\"><p>Siamo lieti di annunciare la nostra partecipazione a ISH2025, fiera leader mondiale per il settore HVAC.Lo STEAM TEAM \u00e8 al lavoro per offrirvi un\u2019esperienza di visita unica! Venite a trovarci dal 17 al 21 marzo 2025 alPadiglione 9.1, Stand B82. Pulizia e precisione senza eguali per componenti che possono trovare applicazione in ogni settore produttivo.<\/p><\/div><div class=\"wp-block-thefuturblocks-latest-posts__readmore\"><a href=\"https:\/\/www.steamsrl.com\/en\/ish2025\/\"><span>Read More<\/span><\/a><\/div><\/div><\/div><\/article><article class=\"wp-block-thefuturblocks-latest-posts__article post-16660 post type-post status-publish format-standard has-post-thumbnail hentry category-news\"><div class=\"wp-block-thefuturblocks-latest-posts__inner inner-creative-post\"><div class=\"wp-block-thefuturblocks-latest-posts__thumbnail\"><a href=\"https:\/\/www.steamsrl.com\/en\/taglio-laser-2d\/\"><div class=\"wp-block-thefuturblocks-latest-posts__image\"><img decoding=\"async\" width=\"1600\" height=\"1100\" src=\"https:\/\/www.steamsrl.com\/wp-content\/uploads\/2024\/10\/laser.jpg\" class=\"attachment-post-thumbnail size-post-thumbnail wp-post-image\" alt=\"Taglio tubo con laser\" srcset=\"https:\/\/www.steamsrl.com\/wp-content\/uploads\/2024\/10\/laser.jpg 1600w, https:\/\/www.steamsrl.com\/wp-content\/uploads\/2024\/10\/laser-300x206.jpg 300w, https:\/\/www.steamsrl.com\/wp-content\/uploads\/2024\/10\/laser-1024x704.jpg 1024w, https:\/\/www.steamsrl.com\/wp-content\/uploads\/2024\/10\/laser-768x528.jpg 768w, https:\/\/www.steamsrl.com\/wp-content\/uploads\/2024\/10\/laser-1536x1056.jpg 1536w, https:\/\/www.steamsrl.com\/wp-content\/uploads\/2024\/10\/laser-18x12.jpg 18w, https:\/\/www.steamsrl.com\/wp-content\/uploads\/2024\/10\/laser-1200x825.jpg 1200w\" sizes=\"(max-width: 1660px) calc(100vw + 1.25rem*2 + 0.625rem*2), 1600px\" \/><\/div><\/a><div class=\"wp-block-thefuturblocks-latest-posts__meta\"><a href=\"https:\/\/www.steamsrl.com\/en\/2024\/10\/\" class=\"wp-block-thefuturblocks-latest-posts__meta-date\"><span class=\"wp-block-thefuturblocks-latest-posts__meta-date--day\">30<\/span><span class=\"wp-block-thefuturblocks-latest-posts__meta-date--month\">Oct<\/span><\/a><\/div><\/div><div class=\"wp-block-thefuturblocks-latest-posts__content-wrapper\"><div class=\"wp-block-thefuturblocks-latest-posts__header\"><div class=\"wp-block-thefuturblocks-latest-posts__meta-cats\"><a href=\"https:\/\/www.steamsrl.com\/en\/category\/news\/\" class=\"wp-block-thefuturblocks-latest-posts__cat\"><span>News<\/span><\/a><\/div><h3><a href=\"https:\/\/www.steamsrl.com\/en\/taglio-laser-2d\/\" class=\"wp-block-thefuturblocks-latest-posts__title\"><span>2D Laser Cutting<\/span><\/a><\/h3><\/div><div class=\"wp-block-thefuturblocks-latest-posts__excerpt\"><p>La tecnologia di taglio laser 2D da noi utilizzata \u00e8 versatile e flessibile. Possiamo infatti garantire la personalizzazione dei prodotti partendo da tubi di materiali diversi quali acciaio inossidabile, ottone, rame, alluminio e ferro cos\u00ec come con svariate sezioni (tonde, quadre, rettangoli, ovali ed ellittiche).&nbsp;\u2714\ufe0f Pulizia e precisione senza eguali per componenti che possono trovare &hellip;<\/p><\/div><div class=\"wp-block-thefuturblocks-latest-posts__readmore\"><a href=\"https:\/\/www.steamsrl.com\/en\/taglio-laser-2d\/\"><span>Read More<\/span><\/a><\/div><\/div><\/div><\/article><article class=\"wp-block-thefuturblocks-latest-posts__article post-16624 post type-post status-publish format-standard has-post-thumbnail hentry category-news\"><div class=\"wp-block-thefuturblocks-latest-posts__inner inner-creative-post\"><div class=\"wp-block-thefuturblocks-latest-posts__thumbnail\"><a href=\"https:\/\/www.steamsrl.com\/en\/steam-compie-33-anni\/\"><div class=\"wp-block-thefuturblocks-latest-posts__image\"><img decoding=\"async\" width=\"1600\" height=\"1100\" src=\"https:\/\/www.steamsrl.com\/wp-content\/uploads\/2024\/09\/steam-33bis.jpg\" class=\"attachment-post-thumbnail size-post-thumbnail wp-post-image\" alt=\"Steam 33 anni\" srcset=\"https:\/\/www.steamsrl.com\/wp-content\/uploads\/2024\/09\/steam-33bis.jpg 1600w, https:\/\/www.steamsrl.com\/wp-content\/uploads\/2024\/09\/steam-33bis-300x206.jpg 300w, https:\/\/www.steamsrl.com\/wp-content\/uploads\/2024\/09\/steam-33bis-1024x704.jpg 1024w, https:\/\/www.steamsrl.com\/wp-content\/uploads\/2024\/09\/steam-33bis-768x528.jpg 768w, https:\/\/www.steamsrl.com\/wp-content\/uploads\/2024\/09\/steam-33bis-1536x1056.jpg 1536w, https:\/\/www.steamsrl.com\/wp-content\/uploads\/2024\/09\/steam-33bis-18x12.jpg 18w, https:\/\/www.steamsrl.com\/wp-content\/uploads\/2024\/09\/steam-33bis-1200x825.jpg 1200w\" sizes=\"(max-width: 1660px) calc(100vw + 1.25rem*2 + 0.625rem*2), 1600px\" \/><\/div><\/a><div class=\"wp-block-thefuturblocks-latest-posts__meta\"><a href=\"https:\/\/www.steamsrl.com\/en\/2024\/09\/\" class=\"wp-block-thefuturblocks-latest-posts__meta-date\"><span class=\"wp-block-thefuturblocks-latest-posts__meta-date--day\">20<\/span><span class=\"wp-block-thefuturblocks-latest-posts__meta-date--month\">Sep<\/span><\/a><\/div><\/div><div class=\"wp-block-thefuturblocks-latest-posts__content-wrapper\"><div class=\"wp-block-thefuturblocks-latest-posts__header\"><div class=\"wp-block-thefuturblocks-latest-posts__meta-cats\"><a href=\"https:\/\/www.steamsrl.com\/en\/category\/news\/\" class=\"wp-block-thefuturblocks-latest-posts__cat\"><span>News<\/span><\/a><\/div><h3><a href=\"https:\/\/www.steamsrl.com\/en\/steam-compie-33-anni\/\" class=\"wp-block-thefuturblocks-latest-posts__title\"><span>STEAM turns 33!<\/span><\/a><\/h3><\/div><div class=\"wp-block-thefuturblocks-latest-posts__excerpt\"><p>We are pleased to share this milestone with all those who have been part of our history. They have been years of growth and evolution characterized by constant commitment, passion and sometimes bold choices that have led to many satisfactions and successful collaborations. A special thanks goes to our Customers, Collaborators, Suppliers and Partners who \u2026<\/p><\/div><div class=\"wp-block-thefuturblocks-latest-posts__readmore\"><a href=\"https:\/\/www.steamsrl.com\/en\/steam-compie-33-anni\/\"><span>Read More<\/span><\/a><\/div><\/div><\/div><\/article><article class=\"wp-block-thefuturblocks-latest-posts__article post-16615 post type-post status-publish format-standard has-post-thumbnail hentry category-news\"><div class=\"wp-block-thefuturblocks-latest-posts__inner inner-creative-post\"><div class=\"wp-block-thefuturblocks-latest-posts__thumbnail\"><a href=\"https:\/\/www.steamsrl.com\/en\/un-augurio-di-buone-ferie-da-tutto-il-team-steam\/\"><div class=\"wp-block-thefuturblocks-latest-posts__image\"><img decoding=\"async\" width=\"1140\" height=\"816\" src=\"https:\/\/www.steamsrl.com\/wp-content\/uploads\/2024\/08\/Steam-summer-closure-3.png\" class=\"attachment-post-thumbnail size-post-thumbnail wp-post-image\" alt=\"Summer closure\" srcset=\"https:\/\/www.steamsrl.com\/wp-content\/uploads\/2024\/08\/Steam-summer-closure-3.png 1140w, https:\/\/www.steamsrl.com\/wp-content\/uploads\/2024\/08\/Steam-summer-closure-3-300x215.png 300w, https:\/\/www.steamsrl.com\/wp-content\/uploads\/2024\/08\/Steam-summer-closure-3-1024x733.png 1024w, https:\/\/www.steamsrl.com\/wp-content\/uploads\/2024\/08\/Steam-summer-closure-3-768x550.png 768w, https:\/\/www.steamsrl.com\/wp-content\/uploads\/2024\/08\/Steam-summer-closure-3-18x12.png 18w\" sizes=\"(max-width: 1200px) calc(100vw + 1.25rem*2 + 0.625rem*2), 1140px\" \/><\/div><\/a><div class=\"wp-block-thefuturblocks-latest-posts__meta\"><a href=\"https:\/\/www.steamsrl.com\/en\/2024\/08\/\" class=\"wp-block-thefuturblocks-latest-posts__meta-date\"><span class=\"wp-block-thefuturblocks-latest-posts__meta-date--day\">08<\/span><span class=\"wp-block-thefuturblocks-latest-posts__meta-date--month\">Aug<\/span><\/a><\/div><\/div><div class=\"wp-block-thefuturblocks-latest-posts__content-wrapper\"><div class=\"wp-block-thefuturblocks-latest-posts__header\"><div class=\"wp-block-thefuturblocks-latest-posts__meta-cats\"><a href=\"https:\/\/www.steamsrl.com\/en\/category\/news\/\" class=\"wp-block-thefuturblocks-latest-posts__cat\"><span>News<\/span><\/a><\/div><h3><a href=\"https:\/\/www.steamsrl.com\/en\/un-augurio-di-buone-ferie-da-tutto-il-team-steam\/\" class=\"wp-block-thefuturblocks-latest-posts__title\"><span>Un augurio di buone ferie da tutto il Team Steam!<\/span><\/a><\/h3><\/div><div class=\"wp-block-thefuturblocks-latest-posts__excerpt\"><p>Da venerd\u00ec 9 agosto 2024 a marted\u00ec 27 agosto 2024 i nostri uffici saranno chiusi per la consueta pausa estiva. &nbsp; Le normali attivit\u00e0 riprenderanno da mercoled\u00ec 28 agosto 2024.<\/p><\/div><div class=\"wp-block-thefuturblocks-latest-posts__readmore\"><a href=\"https:\/\/www.steamsrl.com\/en\/un-augurio-di-buone-ferie-da-tutto-il-team-steam\/\"><span>Read More<\/span><\/a><\/div><\/div><\/div><\/article><article class=\"wp-block-thefuturblocks-latest-posts__article post-16605 post type-post status-publish format-standard has-post-thumbnail hentry category-news\"><div class=\"wp-block-thefuturblocks-latest-posts__inner inner-creative-post\"><div class=\"wp-block-thefuturblocks-latest-posts__thumbnail\"><a href=\"https:\/\/www.steamsrl.com\/en\/certificazione-made-in-italy-100\/\"><div class=\"wp-block-thefuturblocks-latest-posts__image\"><img decoding=\"async\" width=\"1600\" height=\"1100\" src=\"https:\/\/www.steamsrl.com\/wp-content\/uploads\/2024\/06\/madeinitaly.jpg\" class=\"attachment-post-thumbnail size-post-thumbnail wp-post-image\" alt=\"\" srcset=\"https:\/\/www.steamsrl.com\/wp-content\/uploads\/2024\/06\/madeinitaly.jpg 1600w, https:\/\/www.steamsrl.com\/wp-content\/uploads\/2024\/06\/madeinitaly-300x206.jpg 300w, https:\/\/www.steamsrl.com\/wp-content\/uploads\/2024\/06\/madeinitaly-1024x704.jpg 1024w, https:\/\/www.steamsrl.com\/wp-content\/uploads\/2024\/06\/madeinitaly-768x528.jpg 768w, https:\/\/www.steamsrl.com\/wp-content\/uploads\/2024\/06\/madeinitaly-1536x1056.jpg 1536w, https:\/\/www.steamsrl.com\/wp-content\/uploads\/2024\/06\/madeinitaly-18x12.jpg 18w, https:\/\/www.steamsrl.com\/wp-content\/uploads\/2024\/06\/madeinitaly-1200x825.jpg 1200w\" sizes=\"(max-width: 1660px) calc(100vw + 1.25rem*2 + 0.625rem*2), 1600px\" \/><\/div><\/a><div class=\"wp-block-thefuturblocks-latest-posts__meta\"><a href=\"https:\/\/www.steamsrl.com\/en\/2024\/07\/\" class=\"wp-block-thefuturblocks-latest-posts__meta-date\"><span class=\"wp-block-thefuturblocks-latest-posts__meta-date--day\">08<\/span><span class=\"wp-block-thefuturblocks-latest-posts__meta-date--month\">Jul<\/span><\/a><\/div><\/div><div class=\"wp-block-thefuturblocks-latest-posts__content-wrapper\"><div class=\"wp-block-thefuturblocks-latest-posts__header\"><div class=\"wp-block-thefuturblocks-latest-posts__meta-cats\"><a href=\"https:\/\/www.steamsrl.com\/en\/category\/news\/\" class=\"wp-block-thefuturblocks-latest-posts__cat\"><span>News<\/span><\/a><\/div><h3><a href=\"https:\/\/www.steamsrl.com\/en\/certificazione-made-in-italy-100\/\" class=\"wp-block-thefuturblocks-latest-posts__title\"><span>100% MADE IN ITALY Certification<\/span><\/a><\/h3><\/div><div class=\"wp-block-thefuturblocks-latest-posts__excerpt\"><p>For over 30 years STEAM has undertaken a path of continuous improvement characterized by attention to every detail, growing and maintaining its ability to \"know how\" and innovate in the area.<\/p><\/div><div class=\"wp-block-thefuturblocks-latest-posts__readmore\"><a href=\"https:\/\/www.steamsrl.com\/en\/certificazione-made-in-italy-100\/\"><span>Read More<\/span><\/a><\/div><\/div><\/div><\/article><\/div><div class=\"wp-block-thefuturblocks-latest-posts-navigation\">\n\t<nav class=\"navigation pagination\" aria-label=\"Posts pagination\">\n\t\t<h2 class=\"screen-reader-text\">Posts pagination<\/h2>\n\t\t<div class=\"nav-links\"><span aria-current=\"page\" class=\"page-numbers current\">1<\/span>\n<a class=\"page-numbers\" href=\"https:\/\/www.steamsrl.com\/wp-json\/wp\/v2\/pages\/11855\/page\/2\/\">2<\/a>\n<a class=\"page-numbers\" href=\"https:\/\/www.steamsrl.com\/wp-json\/wp\/v2\/pages\/11855\/page\/3\/\">3<\/a>\n<a class=\"next page-numbers\" href=\"https:\/\/www.steamsrl.com\/wp-json\/wp\/v2\/pages\/11855\/page\/2\/\"><span class=\"thefutur-icons thefutur-icons__chevron-right\"><\/span><\/a><\/div>\n\t<\/nav><\/div>","protected":false},"excerpt":{"rendered":"","protected":false},"author":3,"featured_media":0,"parent":0,"menu_order":0,"comment_status":"closed","ping_status":"closed","template":"","meta":{"inline_featured_image":false,"_thefuturmeta_header_display":true,"_thefuturmeta_header_style":"style-one","_thefuturmeta_header_border":false,"_thefuturmeta_header_main_nav":true,"_thefuturmeta_header_main_nav_pos":"center","_thefuturmeta_header_main_nav_light":true,"_thefuturmeta_header_sec_nav_style":"empty","_thefuturmeta_header_sec_nav":true,"_thefuturmeta_header_sec_nav_light":false,"_thefuturmeta_header_sec_logo":false,"_thefuturmeta_header_bg":"light","_thefuturmeta_header_sticky":true,"_thefuturmeta_header_woo_my_acc_display":false,"_thefuturmeta_header_woo_cart_display":false,"_thefuturmeta_header_woo_icon_light":false,"_thefuturmeta_header_sticky_style":"style-one","_thefuturmeta_header_sticky_main_nav":true,"_thefuturmeta_header_sticky_border":false,"_thefuturmeta_header_sticky_main_nav_pos":"center","_thefuturmeta_header_sticky_main_nav_light":true,"_thefuturmeta_header_sticky_sec_nav_style":"fill","_thefuturmeta_header_sticky_sec_nav":true,"_thefuturmeta_header_sticky_sec_nav_light":false,"_thefuturmeta_header_sticky_sec_logo":true,"_thefuturmeta_header_sticky_bg":"dark","_thefuturmeta_header_sticky_woo_my_acc_display":false,"_thefuturmeta_header_sticky_woo_cart_display":false,"_thefuturmeta_header_sticky_woo_icon_light":false,"_thefuturmeta_footer_widget":true,"_thefuturmeta_footer_info":true,"_thefuturmeta_footer_fixed":true,"_thefuturmeta_main_cont_padding_top":180,"_thefuturmeta_main_cont_padding_bot":90,"_thefuturmeta_cursor_circle_light":false,"_thefuturmeta_post_breadcrumbs_visibility":false,"_thefuturmeta_post_breadcrumbs_alignment":"jc-fs","_thefuturmeta_post_title_visibility":false,"_thefuturmeta_post_title_alignment":"","_thefuturmeta_post_layout":"full","_thefuturmeta_post_static_id":0,"_thefuturmeta_post_loader":false,"_thefuturmeta_post_title_color":"#1f1f1f","_thefuturmeta_post_bg_color":"#e3e3e3","footnotes":""},"class_list":["post-11855","page","type-page","status-publish","hentry"],"_links":{"self":[{"href":"https:\/\/www.steamsrl.com\/en\/wp-json\/wp\/v2\/pages\/11855","targetHints":{"allow":["GET"]}}],"collection":[{"href":"https:\/\/www.steamsrl.com\/en\/wp-json\/wp\/v2\/pages"}],"about":[{"href":"https:\/\/www.steamsrl.com\/en\/wp-json\/wp\/v2\/types\/page"}],"author":[{"embeddable":true,"href":"https:\/\/www.steamsrl.com\/en\/wp-json\/wp\/v2\/users\/3"}],"replies":[{"embeddable":true,"href":"https:\/\/www.steamsrl.com\/en\/wp-json\/wp\/v2\/comments?post=11855"}],"version-history":[{"count":2,"href":"https:\/\/www.steamsrl.com\/en\/wp-json\/wp\/v2\/pages\/11855\/revisions"}],"predecessor-version":[{"id":16298,"href":"https:\/\/www.steamsrl.com\/en\/wp-json\/wp\/v2\/pages\/11855\/revisions\/16298"}],"wp:attachment":[{"href":"https:\/\/www.steamsrl.com\/en\/wp-json\/wp\/v2\/media?parent=11855"}],"curies":[{"name":"wp","href":"https:\/\/api.w.org\/{rel}","templated":true}]}}